{"id":344,"date":"2025-05-10T13:38:33","date_gmt":"2025-05-10T11:38:33","guid":{"rendered":"https:\/\/streetfips.de\/?page_id=344"},"modified":"2025-08-17T15:25:03","modified_gmt":"2025-08-17T13:25:03","slug":"ueber-mich","status":"publish","type":"page","link":"https:\/\/streetfips.de\/?page_id=344","title":{"rendered":"\u00dcber mich"},"content":{"rendered":"\t\t<div data-elementor-type=\"wp-page\" data-elementor-id=\"344\" class=\"elementor elementor-344\" data-elementor-post-type=\"page\">\n\t\t\t\t<div class=\"elementor-element elementor-element-1ed6d8d e-flex e-con-boxed e-con e-parent\" data-id=\"1ed6d8d\" data-element_type=\"container\" data-e-type=\"container\" data-settings=\"{&quot;background_background&quot;:&quot;classic&quot;}\">\n\t\t\t\t\t<div class=\"e-con-inner\">\n\t\t\t\t<div class=\"elementor-element elementor-element-a066dbf elementor-widget elementor-widget-text-editor\" data-id=\"a066dbf\" data-element_type=\"widget\" data-e-type=\"widget\" data-widget_type=\"text-editor.default\">\n\t\t\t\t<div class=\"elementor-widget-container\">\n\t\t\t\t\t\t\t\t\t<h2>Mein Name ist Thomas \u2013 ich bin ein Stra\u00dfenfotograf aus Berlin.<\/h2><p>Seit ich in den Ruhestand gegangen bin, habe ich eine neue Leidenschaft entdeckt: die Streetphotography. Anfang 2024 begann ich mit der Kamera durch die Stadt zu streifen \u2013 neugierig, aufmerksam und offen f\u00fcr das, was mir auf der Stra\u00dfe begegnet.<\/p><p>\u00a0<\/p><p>Fotografieren war f\u00fcr mich zu Beginn Neuland. Ich habe mir Schritt f\u00fcr Schritt das n\u00f6tige Wissen angeeignet und lerne bis heute st\u00e4ndig dazu. Das Sch\u00f6nste dabei: Die Stra\u00dfen Berlins halten immer wieder \u00dcberraschungen bereit. Orte, die man tausendmal \u00fcbersehen hat, zeigen pl\u00f6tzlich Charakter. Und Begegnungen mit Menschen \u2013 manchmal fl\u00fcchtig, manchmal intensiver \u2013 er\u00f6ffnen neue Perspektiven, auch auf mich selbst.<\/p><p>\u00a0<\/p><p>Meine ersten Bilder habe ich auf Instagram geteilt \u2013 als Experiment, als Austausch, als Motivation. Die Resonanz war positiv und hat mich ermutigt, meine fotografische Reise weiterzugehen.<\/p><p>\u00a0<\/p><p>Diese Website soll ein Ort sein, an dem ich meine Arbeiten in besserer Qualit\u00e4t zeigen kann \u2013 reduziert auf das Wesentliche, ohne Ablenkung. F\u00fcr alle, die Lust haben, mit mir durch die Stra\u00dfen zu gehen \u2013 mit offenem Blick und Sinn f\u00fcr das Ungesehene.<\/p><pre>\u00a0<\/pre>\t\t\t\t\t\t\t\t<\/div>\n\t\t\t\t<\/div>\n\t\t\t\t\t<\/div>\n\t\t\t\t<\/div>\n\t\t\t\t<\/div>\n\t\t","protected":false},"excerpt":{"rendered":"<p>Mein Name ist Thomas \u2013 ich bin ein Stra\u00dfenfotograf aus Berlin. Seit ich in den Ruhestand gegangen bin, habe ich eine neue Leidenschaft entdeckt: die Streetphotography. Anfang 2024 begann ich mit der Kamera durch die Stadt zu streifen \u2013 neugierig, aufmerksam und offen f\u00fcr das, was mir auf der Stra\u00dfe begegnet. \u00a0 Fotografieren war f\u00fcr [&hellip;]<\/p>\n","protected":false},"author":1,"featured_media":0,"parent":0,"menu_order":0,"comment_status":"closed","ping_status":"closed","template":"","meta":{"footnotes":""},"class_list":["post-344","page","type-page","status-publish","hentry"],"_links":{"self":[{"href":"https:\/\/streetfips.de\/index.php?rest_route=\/wp\/v2\/pages\/344","targetHints":{"allow":["GET"]}}],"collection":[{"href":"https:\/\/streetfips.de\/index.php?rest_route=\/wp\/v2\/pages"}],"about":[{"href":"https:\/\/streetfips.de\/index.php?rest_route=\/wp\/v2\/types\/page"}],"author":[{"embeddable":true,"href":"https:\/\/streetfips.de\/index.php?rest_route=\/wp\/v2\/users\/1"}],"replies":[{"embeddable":true,"href":"https:\/\/streetfips.de\/index.php?rest_route=%2Fwp%2Fv2%2Fcomments&post=344"}],"version-history":[{"count":133,"href":"https:\/\/streetfips.de\/index.php?rest_route=\/wp\/v2\/pages\/344\/revisions"}],"predecessor-version":[{"id":3259,"href":"https:\/\/streetfips.de\/index.php?rest_route=\/wp\/v2\/pages\/344\/revisions\/3259"}],"wp:attachment":[{"href":"https:\/\/streetfips.de\/index.php?rest_route=%2Fwp%2Fv2%2Fmedia&parent=344"}],"curies":[{"name":"wp","href":"https:\/\/api.w.org\/{rel}","templated":true}]}}