{"id":17,"date":"2025-05-02T22:13:47","date_gmt":"2025-05-02T20:13:47","guid":{"rendered":"https:\/\/streetfips.de\/?page_id=17"},"modified":"2025-08-17T15:01:56","modified_gmt":"2025-08-17T13:01:56","slug":"datenschutz","status":"publish","type":"page","link":"https:\/\/streetfips.de\/?page_id=17","title":{"rendered":"Datenschutz"},"content":{"rendered":"\t\t<div data-elementor-type=\"wp-page\" data-elementor-id=\"17\" class=\"elementor elementor-17\" data-elementor-post-type=\"page\">\n\t\t\t\t<div class=\"elementor-element elementor-element-8e50e18 elementor-hidden-mobile e-flex e-con-boxed e-con e-parent\" data-id=\"8e50e18\" data-element_type=\"container\" data-e-type=\"container\">\n\t\t\t\t\t<div class=\"e-con-inner\">\n\t\t\t\t<div class=\"elementor-element elementor-element-52e37e6 elementor-widget elementor-widget-text-editor\" data-id=\"52e37e6\" data-element_type=\"widget\" data-e-type=\"widget\" data-widget_type=\"text-editor.default\">\n\t\t\t\t<div class=\"elementor-widget-container\">\n\t\t\t\t\t\t\t\t\t<h1>**Datenschutzerkl\u00e4rung**<\/h1><h2>\u00a0<\/h2><h2><strong>**1. Verantwortlicher**<\/strong><\/h2><h3>Thomas Fleischer<\/h3><h3>Ritterstr. 1<\/h3><h3>10969 Berlin \u00a0 \u00a0 \u00a0 \u00a0 \u00a0 \u00a0 \u00a0 \u00a0 \u00a0 \u00a0 \u00a0 \u00a0 \u00a0 \u00a0 \u00a0 \u00a0 \u00a0<\/h3><h3>E-Mail: contact@streetfips.de<\/h3><h2><strong>**2. Hosting**<\/strong><\/h2><h3>Diese Website wird bei **IONOS SE** gehostet (Elgendorfer Stra\u00dfe 57, 56410 Montabaur). Beim Aufruf der Website werden automatisch sogenannte Server-Logfiles durch IONOS erfasst. Diese umfassen:<\/h3><h3>&#8211; Browsertyp und Browserversion<br \/>&#8211; Verwendetes Betriebssystem<br \/>&#8211; Referrer-URL<br \/>&#8211; IP-Adresse des zugreifenden Rechners<br \/>&#8211; Uhrzeit der Serveranfrage<\/h3><h3>Diese Daten werden ausschlie\u00dflich zur technischen Bereitstellung der Seite verwendet und nicht mit anderen Datenquellen zusammengef\u00fchrt.<\/h3><h2><strong>**3. Kontaktformular**<\/strong><\/h2><h3>Wenn Sie mir \u00fcber das Kontaktformular eine Nachricht senden, werden die dort eingegebenen Daten (Name, E-Mail-Adresse, Nachricht) zwecks Bearbeitung gespeichert. Diese Daten werden nicht weitergegeben. <br \/>Die Verarbeitung erfolgt auf Grundlage von Art. 6 Abs. 1 lit. a DSGVO (Einwilligung) oder Art. 6 Abs. 1 lit. b DSGVO (vorvertragliche Ma\u00dfnahme).<\/h3><h2><strong>**4. Darstellung von Fotografien mit Personen**<\/strong><\/h2><h3>Auf dieser Website ver\u00f6ffentliche ich k\u00fcnstlerische Fotografien, auf denen auch Personen im \u00f6ffentlichen Raum zu sehen sein k\u00f6nnen. Die Darstellung erfolgt im Rahmen des \u00a7 23 KunstUrhG (Kunsturhebergesetz) und im Interesse der k\u00fcnstlerischen Freiheit nach Art. 5 GG. <br \/>Sollten Sie sich auf einem Bild wiedererkennen und eine berechtigte Beanstandung haben, kontaktieren Sie mich bitte \u2013 ich werde Ihre Anfrage sorgf\u00e4ltig pr\u00fcfen.<\/h3><h2><strong>**5. Rechte der betroffenen Personen**<\/strong><\/h2><h3>Sie haben jederzeit das Recht auf:<br \/>&#8211; Auskunft \u00fcber die gespeicherten Daten<br \/>&#8211; Berichtigung oder L\u00f6schung<br \/>&#8211; Einschr\u00e4nkung der Verarbeitung<br \/>&#8211; Widerspruch gegen die Verarbeitung<br \/>&#8211; Daten\u00fcbertragbarkeit<br \/>&#8211; Beschwerde bei einer Datenschutz-Aufsichtsbeh\u00f6rde<\/h3><h2><strong>**6. SSL-Verschl\u00fcsselung**<\/strong><\/h2><h3>Diese Website nutzt aus Sicherheitsgr\u00fcnden eine SSL- bzw. TLS-Verschl\u00fcsselung. Sie erkennen dies an der \u201ehttps:\/\/\u201c-Adresse in der Browserzeile.<\/h3><h2><strong>**7. \u00c4nderungen dieser Erkl\u00e4rung**<\/strong><\/h2><h3>Ich behalte mir vor, diese Datenschutzerkl\u00e4rung anzupassen, sofern rechtlich notwendig.<\/h3><h2><strong>**Stand**: Mai 2025<\/strong><\/h2>\t\t\t\t\t\t\t\t<\/div>\n\t\t\t\t<\/div>\n\t\t\t\t\t<\/div>\n\t\t\t\t<\/div>\n\t\t<div class=\"elementor-element elementor-element-ed95b3c elementor-hidden-desktop e-flex e-con-boxed e-con e-parent\" data-id=\"ed95b3c\" data-element_type=\"container\" data-e-type=\"container\">\n\t\t\t\t\t<div class=\"e-con-inner\">\n\t\t\t\t<div class=\"elementor-element elementor-element-6ec56db elementor-hidden-desktop elementor-widget elementor-widget-text-editor\" data-id=\"6ec56db\" data-element_type=\"widget\" data-e-type=\"widget\" data-widget_type=\"text-editor.default\">\n\t\t\t\t<div class=\"elementor-widget-container\">\n\t\t\t\t\t\t\t\t\t<h2>**Datenschutz-Erkl\u00e4rung**<\/h2><h3><strong>**1. Verantwortlicher**<\/strong><\/h3><h3>Thomas Fleischer<\/h3><h3>Ritterstr. 1<\/h3><h3>10969 Berlin<\/h3><h3>E-Mail: contact@streetfips.de<\/h3><h3><strong>**2. Hosting**<\/strong><\/h3><h3>Diese Website wird bei **IONOS SE** gehostet (Elgendorfer Stra\u00dfe 57, 56410 Montabaur). Beim Aufruf der Website werden automatisch sogenannte Server-Logfiles durch IONOS erfasst. Diese umfassen:<\/h3><h3>&#8211; Browsertyp und Browserversion<br \/>&#8211; Verwendetes Betriebssystem<br \/>&#8211; Referrer-URL<br \/>&#8211; IP-Adresse des zugreifenden Rechners<br \/>&#8211; Uhrzeit der Serveranfrage<\/h3><h3>Diese Daten werden ausschlie\u00dflich zur technischen Bereitstellung der Seite verwendet und nicht mit anderen Datenquellen zusammengef\u00fchrt.<\/h3><h3><strong>**3. Kontaktformular**<\/strong><\/h3><h3>Wenn Sie mir \u00fcber das Kontaktformular eine Nachricht senden, werden die dort eingegebenen Daten (Name, E-Mail-Adresse, Nachricht) zwecks Bearbeitung gespeichert. Diese Daten werden nicht weitergegeben.<br \/>Die Verarbeitung erfolgt auf Grundlage von Art. 6 Abs. 1 lit. a DSGVO (Einwilligung) oder Art. 6 Abs. 1 lit. b DSGVO (vorvertragliche Ma\u00dfnahme).<\/h3><h3><strong>**4. Darstellung von Fotografien mit Personen**<\/strong><\/h3><h3>Auf dieser Website ver\u00f6ffentliche ich k\u00fcnstlerische Fotografien, auf denen auch Personen im \u00f6ffentlichen Raum zu sehen sein k\u00f6nnen. Die Darstellung erfolgt im Rahmen des \u00a7 23 KunstUrhG (Kunsturhebergesetz) und im Interesse der k\u00fcnstlerischen Freiheit nach Art. 5 GG.<br \/>Sollten Sie sich auf einem Bild wiedererkennen und eine berechtigte Beanstandung haben, kontaktieren Sie mich bitte \u2013 ich werde Ihre Anfrage sorgf\u00e4ltig pr\u00fcfen.<\/h3><h3><strong>**5. Rechte der betroffenen Personen**<\/strong><\/h3><h3>Sie haben jederzeit das Recht auf:<br \/>&#8211; Auskunft \u00fcber die gespeicherten Daten<br \/>&#8211; Berichtigung oder L\u00f6schung<br \/>&#8211; Einschr\u00e4nkung der Verarbeitung<br \/>&#8211; Widerspruch gegen die Verarbeitung<br \/>&#8211; Daten\u00fcbertragbarkeit<br \/>&#8211; Beschwerde bei einer Datenschutz-Aufsichtsbeh\u00f6rde<\/h3><h3><strong>**6. SSL-Verschl\u00fcsselung**<\/strong><\/h3><h3>Diese Website nutzt aus Sicherheitsgr\u00fcnden eine SSL- bzw. TLS-Verschl\u00fcsselung. Sie erkennen dies an der \u201ehttps:\/\/\u201c-Adresse in der Browserzeile.<\/h3><h3><strong>**7. \u00c4nderungen dieser Erkl\u00e4rung**<\/strong><\/h3><h3>Ich behalte mir vor, diese Datenschutzerkl\u00e4rung anzupassen, sofern rechtlich notwendig.<\/h3><h3><strong>Stand: Mai 2025<\/strong><\/h3>\t\t\t\t\t\t\t\t<\/div>\n\t\t\t\t<\/div>\n\t\t\t\t\t<\/div>\n\t\t\t\t<\/div>\n\t\t\t\t<\/div>\n\t\t","protected":false},"excerpt":{"rendered":"<p>**Datenschutzerkl\u00e4rung** \u00a0 **1. Verantwortlicher** Thomas Fleischer Ritterstr. 1 10969 Berlin \u00a0 \u00a0 \u00a0 \u00a0 \u00a0 \u00a0 \u00a0 \u00a0 \u00a0 \u00a0 \u00a0 \u00a0 \u00a0 \u00a0 \u00a0 \u00a0 \u00a0 E-Mail: contact@streetfips.de **2. Hosting** Diese Website wird bei **IONOS SE** gehostet (Elgendorfer Stra\u00dfe 57, 56410 Montabaur). Beim Aufruf der Website werden automatisch sogenannte Server-Logfiles durch IONOS erfasst. Diese [&hellip;]<\/p>\n","protected":false},"author":1,"featured_media":0,"parent":0,"menu_order":0,"comment_status":"closed","ping_status":"closed","template":"","meta":{"footnotes":""},"class_list":["post-17","page","type-page","status-publish","hentry"],"_links":{"self":[{"href":"https:\/\/streetfips.de\/index.php?rest_route=\/wp\/v2\/pages\/17","targetHints":{"allow":["GET"]}}],"collection":[{"href":"https:\/\/streetfips.de\/index.php?rest_route=\/wp\/v2\/pages"}],"about":[{"href":"https:\/\/streetfips.de\/index.php?rest_route=\/wp\/v2\/types\/page"}],"author":[{"embeddable":true,"href":"https:\/\/streetfips.de\/index.php?rest_route=\/wp\/v2\/users\/1"}],"replies":[{"embeddable":true,"href":"https:\/\/streetfips.de\/index.php?rest_route=%2Fwp%2Fv2%2Fcomments&post=17"}],"version-history":[{"count":127,"href":"https:\/\/streetfips.de\/index.php?rest_route=\/wp\/v2\/pages\/17\/revisions"}],"predecessor-version":[{"id":3197,"href":"https:\/\/streetfips.de\/index.php?rest_route=\/wp\/v2\/pages\/17\/revisions\/3197"}],"wp:attachment":[{"href":"https:\/\/streetfips.de\/index.php?rest_route=%2Fwp%2Fv2%2Fmedia&parent=17"}],"curies":[{"name":"wp","href":"https:\/\/api.w.org\/{rel}","templated":true}]}}