{"id":1440,"date":"2025-05-18T20:24:45","date_gmt":"2025-05-18T18:24:45","guid":{"rendered":"https:\/\/streetfips.de\/?page_id=1440"},"modified":"2025-05-18T20:41:04","modified_gmt":"2025-05-18T18:41:04","slug":"opel-olympia-record","status":"publish","type":"page","link":"https:\/\/streetfips.de\/?page_id=1440","title":{"rendered":"Opel Olympia Record"},"content":{"rendered":"\t\t<div data-elementor-type=\"wp-page\" data-elementor-id=\"1440\" class=\"elementor elementor-1440\" data-elementor-post-type=\"page\">\n\t\t\t\t<div class=\"elementor-element elementor-element-0c0dad2 e-flex e-con-boxed e-con e-parent\" data-id=\"0c0dad2\" data-element_type=\"container\" data-e-type=\"container\">\n\t\t\t\t\t<div class=\"e-con-inner\">\n\t\t\t\t<div class=\"elementor-element elementor-element-d5c870a elementor-widget elementor-widget-text-editor\" data-id=\"d5c870a\" data-element_type=\"widget\" data-e-type=\"widget\" data-widget_type=\"text-editor.default\">\n\t\t\t\t<div class=\"elementor-widget-container\">\n\t\t\t\t\t\t\t\t\t<h1 data-start=\"129\" data-end=\"168\">\u00a0<\/h1><h1 class=\"\" style=\"text-align: center;\" data-start=\"129\" data-end=\"168\">\ud83d\ude98 <strong data-start=\"136\" data-end=\"168\">Der Opel, der alles \u00fcberlebt<\/strong><\/h1><p data-start=\"170\" data-end=\"436\">\u00a0<\/p><p class=\"\" data-start=\"170\" data-end=\"436\">Mitten im Berliner Graefekiez trotzt ein ganz besonderer Opel Olympia dem Zahn der Zeit. Seit <strong data-start=\"264\" data-end=\"300\">1976 wurde er nie mehr gereinigt<\/strong> \u2013 und doch ist er <strong data-start=\"319\" data-end=\"344\">voll funktionst\u00fcchtig<\/strong>.<\/p><p>W\u00e4hrend andere l\u00e4ngst verschrottet wurden, hat dieser Oldtimer bis heute <strong data-start=\"419\" data-end=\"435\">g\u00fcltigen T\u00dcV<\/strong>.<\/p><p class=\"\" data-start=\"438\" data-end=\"714\">Sein Besitzer kennt jedes Detail: Der <strong data-start=\"476\" data-end=\"538\">Scheibenwischer bewegt sich abh\u00e4ngig von der Motordrehzahl<\/strong>, ein Relikt aus einer Zeit, in der Technik noch direkt erlebbar war.<br data-start=\"607\" data-end=\"610\" \/>Was f\u00fcr Passanten wie ein rostiges \u00dcberbleibsel aussieht, ist f\u00fcr Kenner ein St\u00fcck lebendige Geschichte.<\/p><p class=\"\" data-start=\"716\" data-end=\"955\">Der Wagen steht seit Jahrzehnten fest an seinem Platz \u2013 bemalt, bewundert, beschimpft \u2013 und hat sich l\u00e4ngst in das Stadtbild eingepr\u00e4gt.<br data-start=\"852\" data-end=\"855\" \/>Ein fahrender Widerspruch zur modernen Verkehrspolitik, aber vielleicht gerade deshalb so ber\u00fchrend.<\/p><p>Ein sehenswerter Bericht \u00fcber dieses Fahrzeug findet sich auch bei<br \/><a href=\"https:\/\/www.youtube.com\/watch?v=mcGv_IuFnmw\" target=\"_blank\" rel=\"noopener\">YouTube (DW Reportage)<\/a> sowie<br \/>ein Artikel bei<br \/><a href=\"https:\/\/www.motor-talk.de\/news\/dieser-opel-wurde-seit-40-jahren-nicht-gewaschen-t6050870.html\" target=\"_blank\" rel=\"noopener\">motor-talk.de<\/a>.<\/p>\t\t\t\t\t\t\t\t<\/div>\n\t\t\t\t<\/div>\n\t\t\t\t<div class=\"elementor-element elementor-element-db21927 elementor-widget elementor-widget-image\" data-id=\"db21927\" data-element_type=\"widget\" data-e-type=\"widget\" data-widget_type=\"image.default\">\n\t\t\t\t<div class=\"elementor-widget-container\">\n\t\t\t\t\t\t\t\t\t\t\t\t\t\t\t<img fetchpriority=\"high\" decoding=\"async\" width=\"1300\" height=\"867\" src=\"https:\/\/streetfips.de\/wp-content\/uploads\/2025\/05\/0106.webp\" class=\"attachment-full size-full wp-image-1428\" alt=\"\" srcset=\"https:\/\/streetfips.de\/wp-content\/uploads\/2025\/05\/0106.webp 1300w, https:\/\/streetfips.de\/wp-content\/uploads\/2025\/05\/0106-1291x861.webp 1291w, https:\/\/streetfips.de\/wp-content\/uploads\/2025\/05\/0106-768x512.webp 768w\" sizes=\"(max-width: 1300px) 100vw, 1300px\" \/>\t\t\t\t\t\t\t\t\t\t\t\t\t\t\t<\/div>\n\t\t\t\t<\/div>\n\t\t\t\t<div class=\"elementor-element elementor-element-2d5ef8d elementor-widget elementor-widget-image\" data-id=\"2d5ef8d\" data-element_type=\"widget\" data-e-type=\"widget\" data-widget_type=\"image.default\">\n\t\t\t\t<div class=\"elementor-widget-container\">\n\t\t\t\t\t\t\t\t\t\t\t\t\t\t\t<img decoding=\"async\" width=\"1300\" height=\"867\" src=\"https:\/\/streetfips.de\/wp-content\/uploads\/2025\/05\/2902.webp\" class=\"attachment-full size-full wp-image-1429\" alt=\"\" srcset=\"https:\/\/streetfips.de\/wp-content\/uploads\/2025\/05\/2902.webp 1300w, https:\/\/streetfips.de\/wp-content\/uploads\/2025\/05\/2902-1291x861.webp 1291w, https:\/\/streetfips.de\/wp-content\/uploads\/2025\/05\/2902-768x512.webp 768w\" sizes=\"(max-width: 1300px) 100vw, 1300px\" \/>\t\t\t\t\t\t\t\t\t\t\t\t\t\t\t<\/div>\n\t\t\t\t<\/div>\n\t\t\t\t<div class=\"elementor-element elementor-element-ec42e48 elementor-widget elementor-widget-image\" data-id=\"ec42e48\" data-element_type=\"widget\" data-e-type=\"widget\" data-widget_type=\"image.default\">\n\t\t\t\t<div class=\"elementor-widget-container\">\n\t\t\t\t\t\t\t\t\t\t\t\t\t\t\t<img decoding=\"async\" width=\"1300\" height=\"867\" src=\"https:\/\/streetfips.de\/wp-content\/uploads\/2025\/05\/2893.webp\" class=\"attachment-full size-full wp-image-1430\" alt=\"\" srcset=\"https:\/\/streetfips.de\/wp-content\/uploads\/2025\/05\/2893.webp 1300w, https:\/\/streetfips.de\/wp-content\/uploads\/2025\/05\/2893-1291x861.webp 1291w, https:\/\/streetfips.de\/wp-content\/uploads\/2025\/05\/2893-768x512.webp 768w\" sizes=\"(max-width: 1300px) 100vw, 1300px\" \/>\t\t\t\t\t\t\t\t\t\t\t\t\t\t\t<\/div>\n\t\t\t\t<\/div>\n\t\t\t\t<div class=\"elementor-element elementor-element-a72077c elementor-widget elementor-widget-image\" data-id=\"a72077c\" data-element_type=\"widget\" data-e-type=\"widget\" data-widget_type=\"image.default\">\n\t\t\t\t<div class=\"elementor-widget-container\">\n\t\t\t\t\t\t\t\t\t\t\t\t\t\t\t<img loading=\"lazy\" decoding=\"async\" width=\"1300\" height=\"867\" src=\"https:\/\/streetfips.de\/wp-content\/uploads\/2025\/05\/2892.webp\" class=\"attachment-full size-full wp-image-1431\" alt=\"\" srcset=\"https:\/\/streetfips.de\/wp-content\/uploads\/2025\/05\/2892.webp 1300w, https:\/\/streetfips.de\/wp-content\/uploads\/2025\/05\/2892-1291x861.webp 1291w, https:\/\/streetfips.de\/wp-content\/uploads\/2025\/05\/2892-768x512.webp 768w\" sizes=\"(max-width: 1300px) 100vw, 1300px\" \/>\t\t\t\t\t\t\t\t\t\t\t\t\t\t\t<\/div>\n\t\t\t\t<\/div>\n\t\t\t\t<div class=\"elementor-element elementor-element-e98d182 elementor-widget elementor-widget-image\" data-id=\"e98d182\" data-element_type=\"widget\" data-e-type=\"widget\" data-widget_type=\"image.default\">\n\t\t\t\t<div class=\"elementor-widget-container\">\n\t\t\t\t\t\t\t\t\t\t\t\t\t\t\t<img loading=\"lazy\" decoding=\"async\" width=\"1300\" height=\"867\" src=\"https:\/\/streetfips.de\/wp-content\/uploads\/2025\/05\/2889.webp\" class=\"attachment-full size-full wp-image-1432\" alt=\"\" srcset=\"https:\/\/streetfips.de\/wp-content\/uploads\/2025\/05\/2889.webp 1300w, https:\/\/streetfips.de\/wp-content\/uploads\/2025\/05\/2889-1291x861.webp 1291w, https:\/\/streetfips.de\/wp-content\/uploads\/2025\/05\/2889-768x512.webp 768w\" sizes=\"(max-width: 1300px) 100vw, 1300px\" \/>\t\t\t\t\t\t\t\t\t\t\t\t\t\t\t<\/div>\n\t\t\t\t<\/div>\n\t\t\t\t<div class=\"elementor-element elementor-element-f133f8e elementor-widget elementor-widget-image\" data-id=\"f133f8e\" data-element_type=\"widget\" data-e-type=\"widget\" data-widget_type=\"image.default\">\n\t\t\t\t<div class=\"elementor-widget-container\">\n\t\t\t\t\t\t\t\t\t\t\t\t\t\t\t<img loading=\"lazy\" decoding=\"async\" width=\"1300\" height=\"867\" src=\"https:\/\/streetfips.de\/wp-content\/uploads\/2025\/05\/2888.webp\" class=\"attachment-full size-full wp-image-1433\" alt=\"\" srcset=\"https:\/\/streetfips.de\/wp-content\/uploads\/2025\/05\/2888.webp 1300w, https:\/\/streetfips.de\/wp-content\/uploads\/2025\/05\/2888-1291x861.webp 1291w, https:\/\/streetfips.de\/wp-content\/uploads\/2025\/05\/2888-768x512.webp 768w\" sizes=\"(max-width: 1300px) 100vw, 1300px\" \/>\t\t\t\t\t\t\t\t\t\t\t\t\t\t\t<\/div>\n\t\t\t\t<\/div>\n\t\t\t\t<div class=\"elementor-element elementor-element-8579703 elementor-widget elementor-widget-image\" data-id=\"8579703\" data-element_type=\"widget\" data-e-type=\"widget\" data-widget_type=\"image.default\">\n\t\t\t\t<div class=\"elementor-widget-container\">\n\t\t\t\t\t\t\t\t\t\t\t\t\t\t\t<img loading=\"lazy\" decoding=\"async\" width=\"1300\" height=\"867\" src=\"https:\/\/streetfips.de\/wp-content\/uploads\/2025\/05\/2883.webp\" class=\"attachment-full size-full wp-image-1434\" alt=\"\" srcset=\"https:\/\/streetfips.de\/wp-content\/uploads\/2025\/05\/2883.webp 1300w, https:\/\/streetfips.de\/wp-content\/uploads\/2025\/05\/2883-1291x861.webp 1291w, https:\/\/streetfips.de\/wp-content\/uploads\/2025\/05\/2883-768x512.webp 768w\" sizes=\"(max-width: 1300px) 100vw, 1300px\" \/>\t\t\t\t\t\t\t\t\t\t\t\t\t\t\t<\/div>\n\t\t\t\t<\/div>\n\t\t\t\t<div class=\"elementor-element elementor-element-6741b51 elementor-widget elementor-widget-image\" data-id=\"6741b51\" data-element_type=\"widget\" data-e-type=\"widget\" data-widget_type=\"image.default\">\n\t\t\t\t<div class=\"elementor-widget-container\">\n\t\t\t\t\t\t\t\t\t\t\t\t\t\t\t<img loading=\"lazy\" decoding=\"async\" width=\"1300\" height=\"867\" src=\"https:\/\/streetfips.de\/wp-content\/uploads\/2025\/05\/2874.webp\" class=\"attachment-full size-full wp-image-1435\" alt=\"\" srcset=\"https:\/\/streetfips.de\/wp-content\/uploads\/2025\/05\/2874.webp 1300w, https:\/\/streetfips.de\/wp-content\/uploads\/2025\/05\/2874-1291x861.webp 1291w, https:\/\/streetfips.de\/wp-content\/uploads\/2025\/05\/2874-768x512.webp 768w\" sizes=\"(max-width: 1300px) 100vw, 1300px\" \/>\t\t\t\t\t\t\t\t\t\t\t\t\t\t\t<\/div>\n\t\t\t\t<\/div>\n\t\t\t\t<div class=\"elementor-element elementor-element-b3802ed elementor-widget elementor-widget-image\" data-id=\"b3802ed\" data-element_type=\"widget\" data-e-type=\"widget\" data-widget_type=\"image.default\">\n\t\t\t\t<div class=\"elementor-widget-container\">\n\t\t\t\t\t\t\t\t\t\t\t\t\t\t\t<img loading=\"lazy\" decoding=\"async\" width=\"1300\" height=\"867\" src=\"https:\/\/streetfips.de\/wp-content\/uploads\/2025\/05\/2872.webp\" class=\"attachment-full size-full wp-image-1436\" alt=\"\" srcset=\"https:\/\/streetfips.de\/wp-content\/uploads\/2025\/05\/2872.webp 1300w, https:\/\/streetfips.de\/wp-content\/uploads\/2025\/05\/2872-1291x861.webp 1291w, https:\/\/streetfips.de\/wp-content\/uploads\/2025\/05\/2872-768x512.webp 768w\" sizes=\"(max-width: 1300px) 100vw, 1300px\" \/>\t\t\t\t\t\t\t\t\t\t\t\t\t\t\t<\/div>\n\t\t\t\t<\/div>\n\t\t\t\t<div class=\"elementor-element elementor-element-6dc4f9f elementor-widget elementor-widget-image\" data-id=\"6dc4f9f\" data-element_type=\"widget\" data-e-type=\"widget\" data-widget_type=\"image.default\">\n\t\t\t\t<div class=\"elementor-widget-container\">\n\t\t\t\t\t\t\t\t\t\t\t\t\t\t\t<img loading=\"lazy\" decoding=\"async\" width=\"1300\" height=\"867\" src=\"https:\/\/streetfips.de\/wp-content\/uploads\/2025\/05\/2870.webp\" class=\"attachment-full size-full wp-image-1437\" alt=\"\" srcset=\"https:\/\/streetfips.de\/wp-content\/uploads\/2025\/05\/2870.webp 1300w, https:\/\/streetfips.de\/wp-content\/uploads\/2025\/05\/2870-1291x861.webp 1291w, https:\/\/streetfips.de\/wp-content\/uploads\/2025\/05\/2870-768x512.webp 768w\" sizes=\"(max-width: 1300px) 100vw, 1300px\" \/>\t\t\t\t\t\t\t\t\t\t\t\t\t\t\t<\/div>\n\t\t\t\t<\/div>\n\t\t\t\t<div class=\"elementor-element elementor-element-6f51d2a elementor-widget elementor-widget-image\" data-id=\"6f51d2a\" data-element_type=\"widget\" data-e-type=\"widget\" data-widget_type=\"image.default\">\n\t\t\t\t<div class=\"elementor-widget-container\">\n\t\t\t\t\t\t\t\t\t\t\t\t\t\t\t<img loading=\"lazy\" decoding=\"async\" width=\"1300\" height=\"867\" src=\"https:\/\/streetfips.de\/wp-content\/uploads\/2025\/05\/2869.webp\" class=\"attachment-full size-full wp-image-1438\" alt=\"\" srcset=\"https:\/\/streetfips.de\/wp-content\/uploads\/2025\/05\/2869.webp 1300w, https:\/\/streetfips.de\/wp-content\/uploads\/2025\/05\/2869-1291x861.webp 1291w, https:\/\/streetfips.de\/wp-content\/uploads\/2025\/05\/2869-768x512.webp 768w\" sizes=\"(max-width: 1300px) 100vw, 1300px\" \/>\t\t\t\t\t\t\t\t\t\t\t\t\t\t\t<\/div>\n\t\t\t\t<\/div>\n\t\t\t\t<div class=\"elementor-element elementor-element-02282e2 elementor-widget elementor-widget-image\" data-id=\"02282e2\" data-element_type=\"widget\" data-e-type=\"widget\" data-widget_type=\"image.default\">\n\t\t\t\t<div class=\"elementor-widget-container\">\n\t\t\t\t\t\t\t\t\t\t\t\t\t\t\t<img loading=\"lazy\" decoding=\"async\" width=\"1300\" height=\"867\" src=\"https:\/\/streetfips.de\/wp-content\/uploads\/2025\/05\/2868.webp\" class=\"attachment-full size-full wp-image-1439\" alt=\"\" srcset=\"https:\/\/streetfips.de\/wp-content\/uploads\/2025\/05\/2868.webp 1300w, https:\/\/streetfips.de\/wp-content\/uploads\/2025\/05\/2868-1291x861.webp 1291w, https:\/\/streetfips.de\/wp-content\/uploads\/2025\/05\/2868-768x512.webp 768w\" sizes=\"(max-width: 1300px) 100vw, 1300px\" \/>\t\t\t\t\t\t\t\t\t\t\t\t\t\t\t<\/div>\n\t\t\t\t<\/div>\n\t\t\t\t<div class=\"elementor-element elementor-element-a241656 elementor-widget elementor-widget-image\" data-id=\"a241656\" data-element_type=\"widget\" data-e-type=\"widget\" data-widget_type=\"image.default\">\n\t\t\t\t<div class=\"elementor-widget-container\">\n\t\t\t\t\t\t\t\t\t\t\t\t\t\t\t<img loading=\"lazy\" decoding=\"async\" width=\"1300\" height=\"1300\" src=\"https:\/\/streetfips.de\/wp-content\/uploads\/2025\/05\/2905.webp\" class=\"attachment-full size-full wp-image-1425\" alt=\"\" srcset=\"https:\/\/streetfips.de\/wp-content\/uploads\/2025\/05\/2905.webp 1300w, https:\/\/streetfips.de\/wp-content\/uploads\/2025\/05\/2905-861x861.webp 861w, https:\/\/streetfips.de\/wp-content\/uploads\/2025\/05\/2905-768x768.webp 768w\" sizes=\"(max-width: 1300px) 100vw, 1300px\" \/>\t\t\t\t\t\t\t\t\t\t\t\t\t\t\t<\/div>\n\t\t\t\t<\/div>\n\t\t\t\t<div class=\"elementor-element elementor-element-782e41f elementor-widget elementor-widget-image\" data-id=\"782e41f\" data-element_type=\"widget\" data-e-type=\"widget\" data-widget_type=\"image.default\">\n\t\t\t\t<div class=\"elementor-widget-container\">\n\t\t\t\t\t\t\t\t\t\t\t\t\t\t\t<img loading=\"lazy\" decoding=\"async\" width=\"1300\" height=\"1300\" src=\"https:\/\/streetfips.de\/wp-content\/uploads\/2025\/05\/2903.webp\" class=\"attachment-full size-full wp-image-1426\" alt=\"\" srcset=\"https:\/\/streetfips.de\/wp-content\/uploads\/2025\/05\/2903.webp 1300w, https:\/\/streetfips.de\/wp-content\/uploads\/2025\/05\/2903-861x861.webp 861w, https:\/\/streetfips.de\/wp-content\/uploads\/2025\/05\/2903-768x768.webp 768w\" sizes=\"(max-width: 1300px) 100vw, 1300px\" \/>\t\t\t\t\t\t\t\t\t\t\t\t\t\t\t<\/div>\n\t\t\t\t<\/div>\n\t\t\t\t<div class=\"elementor-element elementor-element-fef4811 elementor-widget elementor-widget-image\" data-id=\"fef4811\" data-element_type=\"widget\" data-e-type=\"widget\" data-widget_type=\"image.default\">\n\t\t\t\t<div class=\"elementor-widget-container\">\n\t\t\t\t\t\t\t\t\t\t\t\t\t\t\t<img loading=\"lazy\" decoding=\"async\" width=\"1300\" height=\"1300\" src=\"https:\/\/streetfips.de\/wp-content\/uploads\/2025\/05\/2899.webp\" class=\"attachment-full size-full wp-image-1427\" alt=\"\" srcset=\"https:\/\/streetfips.de\/wp-content\/uploads\/2025\/05\/2899.webp 1300w, https:\/\/streetfips.de\/wp-content\/uploads\/2025\/05\/2899-861x861.webp 861w, https:\/\/streetfips.de\/wp-content\/uploads\/2025\/05\/2899-768x768.webp 768w\" sizes=\"(max-width: 1300px) 100vw, 1300px\" \/>\t\t\t\t\t\t\t\t\t\t\t\t\t\t\t<\/div>\n\t\t\t\t<\/div>\n\t\t\t\t\t<\/div>\n\t\t\t\t<\/div>\n\t\t\t\t<\/div>\n\t\t","protected":false},"excerpt":{"rendered":"<p>\u00a0 \ud83d\ude98 Der Opel, der alles \u00fcberlebt \u00a0 Mitten im Berliner Graefekiez trotzt ein ganz besonderer Opel Olympia dem Zahn der Zeit. Seit 1976 wurde er nie mehr gereinigt \u2013 und doch ist er voll funktionst\u00fcchtig. W\u00e4hrend andere l\u00e4ngst verschrottet wurden, hat dieser Oldtimer bis heute g\u00fcltigen T\u00dcV. Sein Besitzer kennt jedes Detail: Der Scheibenwischer [&hellip;]<\/p>\n","protected":false},"author":1,"featured_media":0,"parent":0,"menu_order":0,"comment_status":"closed","ping_status":"closed","template":"","meta":{"footnotes":""},"class_list":["post-1440","page","type-page","status-publish","hentry"],"_links":{"self":[{"href":"https:\/\/streetfips.de\/index.php?rest_route=\/wp\/v2\/pages\/1440","targetHints":{"allow":["GET"]}}],"collection":[{"href":"https:\/\/streetfips.de\/index.php?rest_route=\/wp\/v2\/pages"}],"about":[{"href":"https:\/\/streetfips.de\/index.php?rest_route=\/wp\/v2\/types\/page"}],"author":[{"embeddable":true,"href":"https:\/\/streetfips.de\/index.php?rest_route=\/wp\/v2\/users\/1"}],"replies":[{"embeddable":true,"href":"https:\/\/streetfips.de\/index.php?rest_route=%2Fwp%2Fv2%2Fcomments&post=1440"}],"version-history":[{"count":10,"href":"https:\/\/streetfips.de\/index.php?rest_route=\/wp\/v2\/pages\/1440\/revisions"}],"predecessor-version":[{"id":1453,"href":"https:\/\/streetfips.de\/index.php?rest_route=\/wp\/v2\/pages\/1440\/revisions\/1453"}],"wp:attachment":[{"href":"https:\/\/streetfips.de\/index.php?rest_route=%2Fwp%2Fv2%2Fmedia&parent=1440"}],"curies":[{"name":"wp","href":"https:\/\/api.w.org\/{rel}","templated":true}]}}